{"id":1187,"date":"2024-06-24T13:04:08","date_gmt":"2024-06-24T13:04:08","guid":{"rendered":"https:\/\/zlatoplus.com\/produkt\/1000-g-zlatna-poluga-argor-heraeus\/"},"modified":"2024-06-24T13:04:08","modified_gmt":"2024-06-24T13:04:08","slug":"1000-g-zlatna-poluga-argor-heraeus","status":"publish","type":"product","link":"https:\/\/zlatoplus.com\/en\/produkt\/1000-g-zlatna-poluga-argor-heraeus\/","title":{"rendered":"1000 g zlatna poluga | Argor-Heraeus"},"content":{"rendered":"<p><strong>Zlatna Poluga od 1000 g | Argor-Heraeus<\/strong><\/p>\n<p>Ova visokokvalitetna zlatna poluga od 1000 grama izra\u0111ena je od \u010distog zlata (99,99% Au) od strane renomirane \u0161vicarske kovnice Argor-Heraeus. Poluga kombinira izvanrednu kvalitetu i sigurnost, te je prepoznata po svojoj \u010disto\u0107i i preciznosti izrade. Svaka poluga nosi oznaku kovnice, te\u017einu, \u010disto\u0107u i jedinstveni serijski broj koji jam\u010di autenti\u010dnost.<\/p>\n<p>Kovnica Argor-Heraeus, osnovana 1951. godine, jedna je od vode\u0107ih kovnica plemenitih metala u svijetu. Poznata je po svojoj tradiciji, inovacijama i visokom standardu kvalitete u izradi plemenitih metala.<\/p>\n<p>Kupnjom zlatne poluge od 1000 grama, ula\u017eete u proizvod vrhunske kvalitete i dugotrajne sigurnosti. Savr\u0161ena je za investitore i kolekcionare plemenitih metala.<\/p>\n<p>Naru\u010dite sada i dodajte ovu presti\u017enu zlatnu polugu od 1000 grama u svoju investicijsku kolekciju.<\/p>\n","protected":false},"excerpt":{"rendered":"<p>*Cijena proizvoda a\u017eurira se svakih 5 minuta prema burzovnoj cijeni.<\/p>\n<p>*Na\u010dini pla\u0107anja: gotovina, bankovna transakcija.<\/p>\n","protected":false},"featured_media":759,"comment_status":"open","ping_status":"closed","template":"","meta":[],"product_cat":[289,423],"product_tag":[],"class_list":{"0":"post-1187","1":"product","2":"type-product","3":"status-publish","4":"has-post-thumbnail","6":"product_cat-gold","7":"product_cat-gold-bars","9":"first","10":"instock","11":"shipping-taxable","12":"purchasable","13":"product-type-simple"},"acf":[],"yoast_head":"<!-- This site is optimized with the Yoast SEO plugin v27.4 - https:\/\/yoast.com\/product\/yoast-seo-wordpress\/ -->\n<title>1000 g zlatna poluga | Argor-Heraeus - zlato-plus<\/title>\n<meta name=\"robots\" content=\"index, follow, max-snippet:-1, max-image-preview:large, max-video-preview:-1\" \/>\n<link rel=\"canonical\" href=\"https:\/\/zlatoplus.com\/produkt\/1000-g-zlatna-poluga-argor-heraeus\/\" \/>\n<meta property=\"og:locale\" content=\"en_US\" \/>\n<meta property=\"og:type\" content=\"article\" \/>\n<meta property=\"og:title\" content=\"1000 g zlatna poluga | Argor-Heraeus - zlato-plus\" \/>\n<meta property=\"og:description\" content=\"*Cijena proizvoda a\u017eurira se svakih 5 minuta prema burzovnoj cijeni.  *Na\u010dini pla\u0107anja: gotovina, bankovna transakcija.\" \/>\n<meta property=\"og:url\" content=\"https:\/\/zlatoplus.com\/produkt\/1000-g-zlatna-poluga-argor-heraeus\/\" \/>\n<meta property=\"og:site_name\" content=\"zlato-plus\" \/>\n<meta property=\"og:image\" content=\"https:\/\/zlatoplus.com\/wp-content\/uploads\/2024\/06\/1000-g-argor_1.jpg\" \/>\n\t<meta property=\"og:image:width\" content=\"1000\" \/>\n\t<meta property=\"og:image:height\" content=\"1000\" \/>\n\t<meta property=\"og:image:type\" content=\"image\/jpeg\" \/>\n<meta name=\"twitter:card\" content=\"summary_large_image\" \/>\n<meta name=\"twitter:label1\" content=\"Est. reading time\" \/>\n\t<meta name=\"twitter:data1\" content=\"1 minute\" \/>\n<script type=\"application\/ld+json\" class=\"yoast-schema-graph\">{\"@context\":\"https:\\\/\\\/schema.org\",\"@graph\":[{\"@type\":\"WebPage\",\"@id\":\"https:\\\/\\\/zlatoplus.com\\\/produkt\\\/1000-g-zlatna-poluga-argor-heraeus\\\/\",\"url\":\"https:\\\/\\\/zlatoplus.com\\\/produkt\\\/1000-g-zlatna-poluga-argor-heraeus\\\/\",\"name\":\"1000 g zlatna poluga | Argor-Heraeus - zlato-plus\",\"isPartOf\":{\"@id\":\"https:\\\/\\\/zlatoplus.com\\\/#website\"},\"primaryImageOfPage\":{\"@id\":\"https:\\\/\\\/zlatoplus.com\\\/produkt\\\/1000-g-zlatna-poluga-argor-heraeus\\\/#primaryimage\"},\"image\":{\"@id\":\"https:\\\/\\\/zlatoplus.com\\\/produkt\\\/1000-g-zlatna-poluga-argor-heraeus\\\/#primaryimage\"},\"thumbnailUrl\":\"https:\\\/\\\/zlatoplus.com\\\/wp-content\\\/uploads\\\/2024\\\/06\\\/1000-g-argor_1.jpg\",\"datePublished\":\"2024-06-24T13:04:08+00:00\",\"breadcrumb\":{\"@id\":\"https:\\\/\\\/zlatoplus.com\\\/produkt\\\/1000-g-zlatna-poluga-argor-heraeus\\\/#breadcrumb\"},\"inLanguage\":\"en-US\",\"potentialAction\":[{\"@type\":\"ReadAction\",\"target\":[\"https:\\\/\\\/zlatoplus.com\\\/produkt\\\/1000-g-zlatna-poluga-argor-heraeus\\\/\"]}]},{\"@type\":\"ImageObject\",\"inLanguage\":\"en-US\",\"@id\":\"https:\\\/\\\/zlatoplus.com\\\/produkt\\\/1000-g-zlatna-poluga-argor-heraeus\\\/#primaryimage\",\"url\":\"https:\\\/\\\/zlatoplus.com\\\/wp-content\\\/uploads\\\/2024\\\/06\\\/1000-g-argor_1.jpg\",\"contentUrl\":\"https:\\\/\\\/zlatoplus.com\\\/wp-content\\\/uploads\\\/2024\\\/06\\\/1000-g-argor_1.jpg\",\"width\":1000,\"height\":1000},{\"@type\":\"BreadcrumbList\",\"@id\":\"https:\\\/\\\/zlatoplus.com\\\/produkt\\\/1000-g-zlatna-poluga-argor-heraeus\\\/#breadcrumb\",\"itemListElement\":[{\"@type\":\"ListItem\",\"position\":1,\"name\":\"Po\u010detna stranica\",\"item\":\"https:\\\/\\\/zlatoplus.com\\\/en\\\/\"},{\"@type\":\"ListItem\",\"position\":2,\"name\":\"Shop\",\"item\":\"https:\\\/\\\/zlatoplus.com\\\/en\\\/shop\\\/\"},{\"@type\":\"ListItem\",\"position\":3,\"name\":\"1000 g zlatna poluga | Argor-Heraeus\"}]},{\"@type\":\"WebSite\",\"@id\":\"https:\\\/\\\/zlatoplus.com\\\/#website\",\"url\":\"https:\\\/\\\/zlatoplus.com\\\/\",\"name\":\"zlato-plus\",\"description\":\"\",\"potentialAction\":[{\"@type\":\"SearchAction\",\"target\":{\"@type\":\"EntryPoint\",\"urlTemplate\":\"https:\\\/\\\/zlatoplus.com\\\/?s={search_term_string}\"},\"query-input\":{\"@type\":\"PropertyValueSpecification\",\"valueRequired\":true,\"valueName\":\"search_term_string\"}}],\"inLanguage\":\"en-US\"}]}<\/script>\n<!-- \/ Yoast SEO plugin. -->","yoast_head_json":{"title":"1000 g zlatna poluga | Argor-Heraeus - zlato-plus","robots":{"index":"index","follow":"follow","max-snippet":"max-snippet:-1","max-image-preview":"max-image-preview:large","max-video-preview":"max-video-preview:-1"},"canonical":"https:\/\/zlatoplus.com\/produkt\/1000-g-zlatna-poluga-argor-heraeus\/","og_locale":"en_US","og_type":"article","og_title":"1000 g zlatna poluga | Argor-Heraeus - zlato-plus","og_description":"*Cijena proizvoda a\u017eurira se svakih 5 minuta prema burzovnoj cijeni.  *Na\u010dini pla\u0107anja: gotovina, bankovna transakcija.","og_url":"https:\/\/zlatoplus.com\/produkt\/1000-g-zlatna-poluga-argor-heraeus\/","og_site_name":"zlato-plus","og_image":[{"width":1000,"height":1000,"url":"https:\/\/zlatoplus.com\/wp-content\/uploads\/2024\/06\/1000-g-argor_1.jpg","type":"image\/jpeg"}],"twitter_card":"summary_large_image","twitter_misc":{"Est. reading time":"1 minute"},"schema":{"@context":"https:\/\/schema.org","@graph":[{"@type":"WebPage","@id":"https:\/\/zlatoplus.com\/produkt\/1000-g-zlatna-poluga-argor-heraeus\/","url":"https:\/\/zlatoplus.com\/produkt\/1000-g-zlatna-poluga-argor-heraeus\/","name":"1000 g zlatna poluga | Argor-Heraeus - zlato-plus","isPartOf":{"@id":"https:\/\/zlatoplus.com\/#website"},"primaryImageOfPage":{"@id":"https:\/\/zlatoplus.com\/produkt\/1000-g-zlatna-poluga-argor-heraeus\/#primaryimage"},"image":{"@id":"https:\/\/zlatoplus.com\/produkt\/1000-g-zlatna-poluga-argor-heraeus\/#primaryimage"},"thumbnailUrl":"https:\/\/zlatoplus.com\/wp-content\/uploads\/2024\/06\/1000-g-argor_1.jpg","datePublished":"2024-06-24T13:04:08+00:00","breadcrumb":{"@id":"https:\/\/zlatoplus.com\/produkt\/1000-g-zlatna-poluga-argor-heraeus\/#breadcrumb"},"inLanguage":"en-US","potentialAction":[{"@type":"ReadAction","target":["https:\/\/zlatoplus.com\/produkt\/1000-g-zlatna-poluga-argor-heraeus\/"]}]},{"@type":"ImageObject","inLanguage":"en-US","@id":"https:\/\/zlatoplus.com\/produkt\/1000-g-zlatna-poluga-argor-heraeus\/#primaryimage","url":"https:\/\/zlatoplus.com\/wp-content\/uploads\/2024\/06\/1000-g-argor_1.jpg","contentUrl":"https:\/\/zlatoplus.com\/wp-content\/uploads\/2024\/06\/1000-g-argor_1.jpg","width":1000,"height":1000},{"@type":"BreadcrumbList","@id":"https:\/\/zlatoplus.com\/produkt\/1000-g-zlatna-poluga-argor-heraeus\/#breadcrumb","itemListElement":[{"@type":"ListItem","position":1,"name":"Po\u010detna stranica","item":"https:\/\/zlatoplus.com\/en\/"},{"@type":"ListItem","position":2,"name":"Shop","item":"https:\/\/zlatoplus.com\/en\/shop\/"},{"@type":"ListItem","position":3,"name":"1000 g zlatna poluga | Argor-Heraeus"}]},{"@type":"WebSite","@id":"https:\/\/zlatoplus.com\/#website","url":"https:\/\/zlatoplus.com\/","name":"zlato-plus","description":"","potentialAction":[{"@type":"SearchAction","target":{"@type":"EntryPoint","urlTemplate":"https:\/\/zlatoplus.com\/?s={search_term_string}"},"query-input":{"@type":"PropertyValueSpecification","valueRequired":true,"valueName":"search_term_string"}}],"inLanguage":"en-US"}]}},"_links":{"self":[{"href":"https:\/\/zlatoplus.com\/en\/wp-json\/wp\/v2\/product\/1187","targetHints":{"allow":["GET"]}}],"collection":[{"href":"https:\/\/zlatoplus.com\/en\/wp-json\/wp\/v2\/product"}],"about":[{"href":"https:\/\/zlatoplus.com\/en\/wp-json\/wp\/v2\/types\/product"}],"replies":[{"embeddable":true,"href":"https:\/\/zlatoplus.com\/en\/wp-json\/wp\/v2\/comments?post=1187"}],"wp:featuredmedia":[{"embeddable":true,"href":"https:\/\/zlatoplus.com\/en\/wp-json\/wp\/v2\/media\/759"}],"wp:attachment":[{"href":"https:\/\/zlatoplus.com\/en\/wp-json\/wp\/v2\/media?parent=1187"}],"wp:term":[{"taxonomy":"product_cat","embeddable":true,"href":"https:\/\/zlatoplus.com\/en\/wp-json\/wp\/v2\/product_cat?post=1187"},{"taxonomy":"product_tag","embeddable":true,"href":"https:\/\/zlatoplus.com\/en\/wp-json\/wp\/v2\/product_tag?post=1187"}],"curies":[{"name":"wp","href":"https:\/\/api.w.org\/{rel}","templated":true}]}}